{"id":538,"date":"2020-09-10T10:53:33","date_gmt":"2020-09-10T08:53:33","guid":{"rendered":"https:\/\/majestique.pl\/?page_id=538"},"modified":"2020-09-18T11:18:08","modified_gmt":"2020-09-18T09:18:08","slug":"atrakcje","status":"publish","type":"page","link":"https:\/\/majestique.pl\/de\/atrakcje\/","title":{"rendered":"Atrakcje"},"content":{"rendered":"<section id=\"section-2-538\" class=\"ct-section\" ><div class=\"ct-section-inner-wrap\"><div id=\"div_block-3-538\" class=\"ct-div-block\" ><div id=\"div_block-4-538\" class=\"ct-div-block\" ><div id=\"div_block-5-538\" class=\"ct-div-block\" ><img decoding=\"async\"  id=\"image-6-538\" alt=\"\" src=\"https:\/\/majestique.pl\/wp-content\/uploads\/2020\/09\/15-08-59-5214.jpg\" class=\"ct-image cover-image\"\/><\/div><div id=\"div_block-7-538\" class=\"ct-div-block\" ><img decoding=\"async\"  id=\"image-8-538\" alt=\"\" src=\"https:\/\/majestique.pl\/wp-content\/uploads\/2020\/09\/15-08-49-3797m.jpg\" class=\"ct-image cover-image\"\/><\/div><\/div><div id=\"div_block-9-538\" class=\"ct-div-block\" ><h4 id=\"headline-10-538\" class=\"ct-headline\">Ihr Ort f\u00fcr einen erfolgreichen Urlaub<\/h4><h2 id=\"headline-11-538\" class=\"ct-headline\">Pobierowo<\/h2><div id=\"code_block-427-10\" class=\"ct-code-block\" ><svg width=\"72\" height=\"6\" viewbox=\"0 0 216 18\" fill=\"none\" preserveaspectratio=\"none\" xmlns=\"http:\/\/www.w3.org\/2000\/svg\">\n  <path\n    d=\"M0 2C10 2 15.5 16 25.5 16C35.5 16 43 2 53 2C63 2 70.5 16 80.5 16C90.5 16 98 2 108 2\"\n    stroke=\"#028090\"\n    stroke-width=\"6\"\n  \/>\n  <path\n    d=\"M108 2C118 2 123.5 16 133.5 16C143.5 16 151 2 161 2C171 2 178.5 16 188.5 16C198.5 16 206 2 216 2\"\n    stroke=\"#028090\"\n    stroke-width=\"6\"\n  \/>\n<\/svg>\n<\/div><div id=\"text_block-13-538\" class=\"ct-text-block\" >Pobierowo w ci\u0105gu urlopu wakacyjnego przyjmuje tysi\u0105ce go\u015bci. Dla go\u015bci miejscowo\u015b\u0107 przygotowuje kilkana\u015bcie imprez rozrywkowych, kulturalnych i sportowych. G\u0142\u00f3wna ulica miejscowo\u015bci, na d\u0142ugo\u015bci kt\u00f3rej rozkwita wakacyjne \u017cycie, ci\u0105gnie si\u0119 przez odleg\u0142o\u015b\u0107 4 kilometr\u00f3w, a\u017c do s\u0105siedniego Pustkowa. Dla sp\u0119dzaj\u0105cych aktywnie czas, w nadmorskim Pobierowie przygotowano specjalistyczny plac treningowy, w sk\u0142ad kt\u00f3rego w\u0142\u0105czono: korty tenisowe, bie\u017cnia lekkoatletyczna, boiska dla pi\u0142ki no\u017cnej, koszyk\u00f3wki i siatk\u00f3wki. Przez miasto przecinaj\u0105 si\u0119 2 trasy turystyczne oraz \u015bcie\u017cki rowerowe. Jednakowo\u017c to w\u0142a\u015bnie wolna od zanieczyszcze\u0144, piaszczysta pla\u017ca, biegn\u0105ca przez 400 metr\u00f3w, kt\u00f3ra wyr\u00f3\u017cniana jest B\u0142\u0119kitn\u0105 Flag\u0105 - kt\u00f3ra \u015bwiadczy o czystej wodzie, jest najwa\u017cniejsz\u0105 atrakcj\u0105 miejscowo\u015bci.<br><\/div><\/div><\/div><\/div><\/section><section id=\"section-14-538\" class=\"ct-section ct-section-with-shape-divider\" ><div class=\"ct-section-inner-wrap\">\nWarning: Invalid argument supplied for foreach() in \/usr\/home\/netfactory\/domains\/majestique.pl\/public_html\/wp-content\/plugins\/oxygen\/component-framework\/includes\/oxygen-dynamic-shortcodes.php on line 455\n\nWarning: Invalid argument supplied for foreach() in \/usr\/home\/netfactory\/domains\/majestique.pl\/public_html\/wp-content\/plugins\/oxygen\/component-framework\/includes\/oxygen-dynamic-shortcodes.php on line 455\n\n\t\t<div id=\"-shape-divider-15-538\" class=\"oxy-shape-divider\" >        \n        <div class=\"oxy_shape_divider oxy_shape_divider_top\" style=\"transform:  scaleY(-1)\">\n            <svg xmlns=\"http:\/\/www.w3.org\/2000\/svg\" viewbox=\"0 0 1440 320\" preserveaspectratio=\"none\"><path fill=\"currentColor\" fill-opacity=\"1\" d=\"M0,128L120,117.3C240,107,480,85,720,112C960,139,1200,213,1320,250.7L1440,288L1440,320L1320,320C1200,320,960,320,720,320C480,320,240,320,120,320L0,320Z\"><\/path><\/svg>        <\/div>\n\n        <\/div>\n\n\t\t<div id=\"div_block-16-538\" class=\"ct-div-block\" ><div id=\"div_block-17-538\" class=\"ct-div-block\" ><div id=\"div_block-18-538\" class=\"ct-div-block\" ><img decoding=\"async\"  id=\"image-19-538\" alt=\"\" src=\"https:\/\/majestique.pl\/wp-content\/uploads\/2020\/09\/88606579.jpg\" class=\"ct-image cover-image\"\/><\/div><\/div><div id=\"div_block-20-538\" class=\"ct-div-block\" ><div id=\"div_block-21-538\" class=\"ct-div-block\" ><img decoding=\"async\"  id=\"image-22-538\" alt=\"\" src=\"https:\/\/majestique.pl\/wp-content\/uploads\/2020\/09\/15-08-59-5214.jpg\" class=\"ct-image cover-image\"\/><\/div><div id=\"div_block-23-538\" class=\"ct-div-block\" ><img decoding=\"async\"  id=\"image-24-538\" alt=\"\" src=\"https:\/\/majestique.pl\/wp-content\/uploads\/2020\/09\/15-08-57-0272.jpg\" class=\"ct-image cover-image\"\/><\/div><\/div><div id=\"div_block-25-538\" class=\"ct-div-block\" ><div id=\"div_block-26-538\" class=\"ct-div-block\" ><div id=\"code_block-27-538\" class=\"ct-code-block\" ><div style=\"overflow:hidden;height:100%\">\n  <video autoplay loop muted playsinline style=\"width:100%;height:100%;object-fit:cover\">\n    <source src=\"https:\/\/majestique.pl\/wp-content\/uploads\/2020\/11\/2683-3.mp4\" type=\"video\/mp4\">\n  <\/video>\n<\/div><\/div><\/div><div id=\"div_block-28-538\" class=\"ct-div-block\" ><div id=\"div_block-29-538\" class=\"ct-div-block\" ><img decoding=\"async\"  id=\"image-30-538\" alt=\"\" src=\"https:\/\/majestique.pl\/wp-content\/uploads\/2020\/09\/56555802m.jpg\" class=\"ct-image cover-image\"\/><\/div><div id=\"div_block-31-538\" class=\"ct-div-block\" ><img decoding=\"async\"  id=\"image-32-538\" alt=\"\" src=\"https:\/\/majestique.pl\/wp-content\/uploads\/2020\/09\/56555719m.jpg\" class=\"ct-image cover-image\"\/><\/div><\/div><\/div><div id=\"div_block-33-538\" class=\"ct-div-block\" ><div id=\"div_block-34-538\" class=\"ct-div-block\" ><img decoding=\"async\"  id=\"image-35-538\" alt=\"\" src=\"https:\/\/majestique.pl\/wp-content\/uploads\/2020\/09\/15-08-58-4971-1.jpg\" class=\"ct-image cover-image\"\/><\/div><div id=\"div_block-36-538\" class=\"ct-div-block\" ><img decoding=\"async\"  id=\"image-37-538\" alt=\"\" src=\"https:\/\/majestique.pl\/wp-content\/uploads\/2020\/09\/15-08-57-2984.jpg\" class=\"ct-image cover-image\"\/><\/div><\/div><\/div>\n\t\t<div id=\"-shape-divider-41-538\" class=\"oxy-shape-divider\" >        \n        <div class=\"oxy_shape_divider\" style=\"transform:  scaleX(-1)\">\n            <svg xmlns=\"http:\/\/www.w3.org\/2000\/svg\" viewbox=\"0 0 1440 320\" preserveaspectratio=\"none\"><path fill=\"currentColor\" fill-opacity=\"1\" d=\"M0,128L120,117.3C240,107,480,85,720,112C960,139,1200,213,1320,250.7L1440,288L1440,320L1320,320C1200,320,960,320,720,320C480,320,240,320,120,320L0,320Z\"><\/path><\/svg>        <\/div>\n\n        <\/div>\n\n\t\t<\/div><\/section>","protected":false},"excerpt":{"rendered":"","protected":false},"author":1,"featured_media":0,"parent":0,"menu_order":0,"comment_status":"closed","ping_status":"closed","template":"","meta":{"footnotes":""},"acf":[],"yoast_head":"<!-- This site is optimized with the Yoast SEO plugin v21.3 - https:\/\/yoast.com\/wordpress\/plugins\/seo\/ -->\n<title>Atrakcje - Majestique<\/title>\n<meta name=\"robots\" content=\"index, follow, max-snippet:-1, max-image-preview:large, max-video-preview:-1\" \/>\n<link rel=\"canonical\" href=\"https:\/\/majestique.pl\/de\/atrakcje\/\" \/>\n<meta property=\"og:locale\" content=\"de_DE\" \/>\n<meta property=\"og:type\" content=\"article\" \/>\n<meta property=\"og:title\" content=\"Atrakcje - Majestique\" \/>\n<meta property=\"og:url\" content=\"https:\/\/majestique.pl\/de\/atrakcje\/\" \/>\n<meta property=\"og:site_name\" content=\"Majestique\" \/>\n<meta property=\"article:modified_time\" content=\"2020-09-18T09:18:08+00:00\" \/>\n<meta name=\"twitter:card\" content=\"summary_large_image\" \/>\n<script type=\"application\/ld+json\" class=\"yoast-schema-graph\">{\"@context\":\"https:\/\/schema.org\",\"@graph\":[{\"@type\":\"WebPage\",\"@id\":\"https:\/\/majestique.pl\/atrakcje\/\",\"url\":\"https:\/\/majestique.pl\/atrakcje\/\",\"name\":\"Atrakcje - Majestique\",\"isPartOf\":{\"@id\":\"https:\/\/majestique.pl\/#website\"},\"datePublished\":\"2020-09-10T08:53:33+00:00\",\"dateModified\":\"2020-09-18T09:18:08+00:00\",\"breadcrumb\":{\"@id\":\"https:\/\/majestique.pl\/atrakcje\/#breadcrumb\"},\"inLanguage\":\"de\",\"potentialAction\":[{\"@type\":\"ReadAction\",\"target\":[\"https:\/\/majestique.pl\/atrakcje\/\"]}]},{\"@type\":\"BreadcrumbList\",\"@id\":\"https:\/\/majestique.pl\/atrakcje\/#breadcrumb\",\"itemListElement\":[{\"@type\":\"ListItem\",\"position\":1,\"name\":\"Strona g\u0142\u00f3wna\",\"item\":\"https:\/\/majestique.pl\/de\/\"},{\"@type\":\"ListItem\",\"position\":2,\"name\":\"Atrakcje\"}]},{\"@type\":\"WebSite\",\"@id\":\"https:\/\/majestique.pl\/#website\",\"url\":\"https:\/\/majestique.pl\/\",\"name\":\"Majestique\",\"description\":\"Pobierowo - Polska\",\"potentialAction\":[{\"@type\":\"SearchAction\",\"target\":{\"@type\":\"EntryPoint\",\"urlTemplate\":\"https:\/\/majestique.pl\/?s={search_term_string}\"},\"query-input\":\"required name=search_term_string\"}],\"inLanguage\":\"de\"}]}<\/script>\n<!-- \/ Yoast SEO plugin. -->","yoast_head_json":{"title":"Atrakcje - Majestique","robots":{"index":"index","follow":"follow","max-snippet":"max-snippet:-1","max-image-preview":"max-image-preview:large","max-video-preview":"max-video-preview:-1"},"canonical":"https:\/\/majestique.pl\/de\/atrakcje\/","og_locale":"de_DE","og_type":"article","og_title":"Atrakcje - Majestique","og_url":"https:\/\/majestique.pl\/de\/atrakcje\/","og_site_name":"Majestique","article_modified_time":"2020-09-18T09:18:08+00:00","twitter_card":"summary_large_image","schema":{"@context":"https:\/\/schema.org","@graph":[{"@type":"WebPage","@id":"https:\/\/majestique.pl\/atrakcje\/","url":"https:\/\/majestique.pl\/atrakcje\/","name":"Atrakcje - Majestique","isPartOf":{"@id":"https:\/\/majestique.pl\/#website"},"datePublished":"2020-09-10T08:53:33+00:00","dateModified":"2020-09-18T09:18:08+00:00","breadcrumb":{"@id":"https:\/\/majestique.pl\/atrakcje\/#breadcrumb"},"inLanguage":"de","potentialAction":[{"@type":"ReadAction","target":["https:\/\/majestique.pl\/atrakcje\/"]}]},{"@type":"BreadcrumbList","@id":"https:\/\/majestique.pl\/atrakcje\/#breadcrumb","itemListElement":[{"@type":"ListItem","position":1,"name":"Strona g\u0142\u00f3wna","item":"https:\/\/majestique.pl\/de\/"},{"@type":"ListItem","position":2,"name":"Atrakcje"}]},{"@type":"WebSite","@id":"https:\/\/majestique.pl\/#website","url":"https:\/\/majestique.pl\/","name":"Majestique","description":"Pobierowo - Polska","potentialAction":[{"@type":"SearchAction","target":{"@type":"EntryPoint","urlTemplate":"https:\/\/majestique.pl\/?s={search_term_string}"},"query-input":"required name=search_term_string"}],"inLanguage":"de"}]}},"_links":{"self":[{"href":"https:\/\/majestique.pl\/de\/wp-json\/wp\/v2\/pages\/538"}],"collection":[{"href":"https:\/\/majestique.pl\/de\/wp-json\/wp\/v2\/pages"}],"about":[{"href":"https:\/\/majestique.pl\/de\/wp-json\/wp\/v2\/types\/page"}],"author":[{"embeddable":true,"href":"https:\/\/majestique.pl\/de\/wp-json\/wp\/v2\/users\/1"}],"replies":[{"embeddable":true,"href":"https:\/\/majestique.pl\/de\/wp-json\/wp\/v2\/comments?post=538"}],"version-history":[{"count":3,"href":"https:\/\/majestique.pl\/de\/wp-json\/wp\/v2\/pages\/538\/revisions"}],"predecessor-version":[{"id":670,"href":"https:\/\/majestique.pl\/de\/wp-json\/wp\/v2\/pages\/538\/revisions\/670"}],"wp:attachment":[{"href":"https:\/\/majestique.pl\/de\/wp-json\/wp\/v2\/media?parent=538"}],"curies":[{"name":"wp","href":"https:\/\/api.w.org\/{rel}","templated":true}]}}